{"id":307,"date":"2024-08-08T10:32:48","date_gmt":"2024-08-08T09:32:48","guid":{"rendered":"https:\/\/exploremulhouse.fr\/?page_id=307"},"modified":"2024-08-17T13:10:06","modified_gmt":"2024-08-17T12:10:06","slug":"kiosk","status":"publish","type":"page","link":"https:\/\/exploremulhouse.fr\/it\/","title":{"rendered":"Kiosk"},"content":{"rendered":"<div data-elementor-type=\"wp-page\" data-elementor-id=\"307\" class=\"elementor elementor-307\">\n\t\t\t\t<div class=\"elementor-element elementor-element-f34d36e e-con-full e-flex e-con e-parent\" data-id=\"f34d36e\" data-element_type=\"container\" data-settings=\"{&quot;background_background&quot;:&quot;classic&quot;}\">\n\t\t<div class=\"elementor-element elementor-element-65caf62 e-con-full e-flex e-con e-child\" data-id=\"65caf62\" data-element_type=\"container\" data-settings=\"{&quot;background_background&quot;:&quot;classic&quot;}\">\n\t\t\t\t<div class=\"elementor-element elementor-element-845b158 elementor-widget elementor-widget-image\" data-id=\"845b158\" data-element_type=\"widget\" data-widget_type=\"image.default\">\n\t\t\t\t<div class=\"elementor-widget-container\">\n\t\t\t\t\t\t\t\t\t\t\t\t\t<img fetchpriority=\"high\" decoding=\"async\" width=\"441\" height=\"197\" src=\"https:\/\/exploremulhouse.fr\/wp-content\/uploads\/2024\/08\/logo-white.webp\" class=\"attachment-large size-large wp-image-347\" alt=\"\" srcset=\"https:\/\/exploremulhouse.fr\/wp-content\/uploads\/2024\/08\/logo-white.webp 441w, https:\/\/exploremulhouse.fr\/wp-content\/uploads\/2024\/08\/logo-white-300x134.webp 300w, https:\/\/exploremulhouse.fr\/wp-content\/uploads\/2024\/08\/logo-white-18x8.webp 18w\" sizes=\"(max-width: 441px) 100vw, 441px\" \/>\t\t\t\t\t\t\t\t\t\t\t\t\t<\/div>\n\t\t\t\t<\/div>\n\t\t\t\t<div class=\"elementor-element elementor-element-fff9686 elementor-widget elementor-widget-text-editor\" data-id=\"fff9686\" data-element_type=\"widget\" data-widget_type=\"text-editor.default\">\n\t\t\t\t<div class=\"elementor-widget-container\">\n\t\t\t\t\t\t\t<h1 style=\"text-align: center;\"><span style=\"color: #ffffff;\">Bienvenue \u00e0 Mulhouse, la perle de l&#8217;Alsace<\/span><\/h1><p style=\"text-align: center;\"><span style=\"color: #ffffff;\">Plongez dans l&#8217;univers fascinant de Mulhouse, une ville o\u00f9 le charme alsacien rencontre l&#8217;innovation moderne. Ses mus\u00e9es renomm\u00e9s, ses jardins magnifiques et son patrimoine architectural impressionnant vous attendent pour un s\u00e9jour inoubliable. Laissez-vous surprendre par la richesse et la diversit\u00e9 de Mulhouse.<\/span><\/p>\t\t\t\t\t\t<\/div>\n\t\t\t\t<\/div>\n\t\t<div class=\"elementor-element elementor-element-ba5e84f e-con-full e-flex e-con e-child\" data-id=\"ba5e84f\" data-element_type=\"container\" data-settings=\"{&quot;background_background&quot;:&quot;classic&quot;}\">\n\t\t<div class=\"elementor-element elementor-element-10f624f e-grid e-con-full e-con e-child\" data-id=\"10f624f\" data-element_type=\"container\">\n\t\t\t\t<div class=\"elementor-element elementor-element-df0f9ee elementor-position-top elementor-widget elementor-widget-image-box\" data-id=\"df0f9ee\" data-element_type=\"widget\" data-widget_type=\"image-box.default\">\n\t\t\t\t<div class=\"elementor-widget-container\">\n\t\t\t<div class=\"elementor-image-box-wrapper\"><figure class=\"elementor-image-box-img\"><a href=\"\/fr\/explore\/\" tabindex=\"-1\"><img decoding=\"async\" width=\"255\" height=\"170\" src=\"https:\/\/exploremulhouse.fr\/wp-content\/uploads\/2024\/08\/French.webp\" class=\"attachment-full size-full wp-image-328\" alt=\"\" srcset=\"https:\/\/exploremulhouse.fr\/wp-content\/uploads\/2024\/08\/French.webp 255w, https:\/\/exploremulhouse.fr\/wp-content\/uploads\/2024\/08\/French-18x12.webp 18w\" sizes=\"(max-width: 255px) 100vw, 255px\" \/><\/a><\/figure><div class=\"elementor-image-box-content\"><h3 class=\"elementor-image-box-title\"><a href=\"\/fr\/explore\/\">Fran\u00e7ais<\/a><\/h3><\/div><\/div>\t\t<\/div>\n\t\t\t\t<\/div>\n\t\t\t\t<div class=\"elementor-element elementor-element-4b2e8e9 elementor-position-top elementor-widget elementor-widget-image-box\" data-id=\"4b2e8e9\" data-element_type=\"widget\" data-widget_type=\"image-box.default\">\n\t\t\t\t<div class=\"elementor-widget-container\">\n\t\t\t<div class=\"elementor-image-box-wrapper\"><figure class=\"elementor-image-box-img\"><a href=\"\/explore\/\" tabindex=\"-1\"><img decoding=\"async\" width=\"255\" height=\"170\" src=\"https:\/\/exploremulhouse.fr\/wp-content\/uploads\/2024\/08\/English.webp\" class=\"attachment-full size-full wp-image-330\" alt=\"\" srcset=\"https:\/\/exploremulhouse.fr\/wp-content\/uploads\/2024\/08\/English.webp 255w, https:\/\/exploremulhouse.fr\/wp-content\/uploads\/2024\/08\/English-18x12.webp 18w\" sizes=\"(max-width: 255px) 100vw, 255px\" \/><\/a><\/figure><div class=\"elementor-image-box-content\"><h3 class=\"elementor-image-box-title\"><a href=\"\/explore\/\">English<\/a><\/h3><\/div><\/div>\t\t<\/div>\n\t\t\t\t<\/div>\n\t\t\t\t<div class=\"elementor-element elementor-element-fbc40cf elementor-position-top elementor-widget elementor-widget-image-box\" data-id=\"fbc40cf\" data-element_type=\"widget\" data-widget_type=\"image-box.default\">\n\t\t\t\t<div class=\"elementor-widget-container\">\n\t\t\t<div class=\"elementor-image-box-wrapper\"><figure class=\"elementor-image-box-img\"><a href=\"\/de\/explore\/\" tabindex=\"-1\"><img loading=\"lazy\" decoding=\"async\" width=\"255\" height=\"170\" src=\"https:\/\/exploremulhouse.fr\/wp-content\/uploads\/2024\/08\/Deutsch.webp\" class=\"attachment-full size-full wp-image-331\" alt=\"\" srcset=\"https:\/\/exploremulhouse.fr\/wp-content\/uploads\/2024\/08\/Deutsch.webp 255w, https:\/\/exploremulhouse.fr\/wp-content\/uploads\/2024\/08\/Deutsch-18x12.webp 18w\" sizes=\"(max-width: 255px) 100vw, 255px\" \/><\/a><\/figure><div class=\"elementor-image-box-content\"><h3 class=\"elementor-image-box-title\"><a href=\"\/de\/explore\/\">Deutsch<\/a><\/h3><\/div><\/div>\t\t<\/div>\n\t\t\t\t<\/div>\n\t\t\t\t<div class=\"elementor-element elementor-element-6c60c56 elementor-position-top elementor-widget elementor-widget-image-box\" data-id=\"6c60c56\" data-element_type=\"widget\" data-widget_type=\"image-box.default\">\n\t\t\t\t<div class=\"elementor-widget-container\">\n\t\t\t<div class=\"elementor-image-box-wrapper\"><figure class=\"elementor-image-box-img\"><a href=\"\/it\/explore\/\" tabindex=\"-1\"><img loading=\"lazy\" decoding=\"async\" width=\"255\" height=\"170\" src=\"https:\/\/exploremulhouse.fr\/wp-content\/uploads\/2024\/08\/Italiano.webp\" class=\"attachment-full size-full wp-image-332\" alt=\"\" srcset=\"https:\/\/exploremulhouse.fr\/wp-content\/uploads\/2024\/08\/Italiano.webp 255w, https:\/\/exploremulhouse.fr\/wp-content\/uploads\/2024\/08\/Italiano-18x12.webp 18w\" sizes=\"(max-width: 255px) 100vw, 255px\" \/><\/a><\/figure><div class=\"elementor-image-box-content\"><h3 class=\"elementor-image-box-title\"><a href=\"\/it\/explore\/\">Italiano<\/a><\/h3><\/div><\/div>\t\t<\/div>\n\t\t\t\t<\/div>\n\t\t\t\t<div class=\"elementor-element elementor-element-f2c18ba elementor-position-top elementor-widget elementor-widget-image-box\" data-id=\"f2c18ba\" data-element_type=\"widget\" data-widget_type=\"image-box.default\">\n\t\t\t\t<div class=\"elementor-widget-container\">\n\t\t\t<div class=\"elementor-image-box-wrapper\"><figure class=\"elementor-image-box-img\"><a href=\"\/es\/explore\/\" tabindex=\"-1\"><img loading=\"lazy\" decoding=\"async\" width=\"255\" height=\"170\" src=\"https:\/\/exploremulhouse.fr\/wp-content\/uploads\/2024\/08\/Espanol.webp\" class=\"attachment-full size-full wp-image-337\" alt=\"\" srcset=\"https:\/\/exploremulhouse.fr\/wp-content\/uploads\/2024\/08\/Espanol.webp 255w, https:\/\/exploremulhouse.fr\/wp-content\/uploads\/2024\/08\/Espanol-18x12.webp 18w\" sizes=\"(max-width: 255px) 100vw, 255px\" \/><\/a><\/figure><div class=\"elementor-image-box-content\"><h3 class=\"elementor-image-box-title\"><a href=\"\/es\/explore\/\">Espa\u00f1ol<\/a><\/h3><\/div><\/div>\t\t<\/div>\n\t\t\t\t<\/div>\n\t\t\t\t<div class=\"elementor-element elementor-element-b5b22f0 elementor-hidden-desktop elementor-hidden-tablet elementor-position-top elementor-widget elementor-widget-image-box\" data-id=\"b5b22f0\" data-element_type=\"widget\" data-widget_type=\"image-box.default\">\n\t\t\t\t<div class=\"elementor-widget-container\">\n\t\t\t<div class=\"elementor-image-box-wrapper\"><figure class=\"elementor-image-box-img\"><a href=\"\/uk\/explore\/\" tabindex=\"-1\"><img loading=\"lazy\" decoding=\"async\" width=\"255\" height=\"170\" src=\"https:\/\/exploremulhouse.fr\/wp-content\/uploads\/2024\/08\/Ukraine.webp\" class=\"attachment-full size-full wp-image-338\" alt=\"\" srcset=\"https:\/\/exploremulhouse.fr\/wp-content\/uploads\/2024\/08\/Ukraine.webp 255w, https:\/\/exploremulhouse.fr\/wp-content\/uploads\/2024\/08\/Ukraine-18x12.webp 18w\" sizes=\"(max-width: 255px) 100vw, 255px\" \/><\/a><\/figure><div class=\"elementor-image-box-content\"><h3 class=\"elementor-image-box-title\"><a href=\"\/uk\/explore\/\">\u0423\u043a\u0440\u0430\u0457\u043d\u0441\u044c\u043a\u0430<\/a><\/h3><\/div><\/div>\t\t<\/div>\n\t\t\t\t<\/div>\n\t\t\t\t<\/div>\n\t\t<div class=\"elementor-element elementor-element-6957be4 e-grid e-con-full elementor-hidden-mobile e-con e-child\" data-id=\"6957be4\" data-element_type=\"container\">\n\t\t\t\t<div class=\"elementor-element elementor-element-1c3aad2 elementor-position-top elementor-widget elementor-widget-image-box\" data-id=\"1c3aad2\" data-element_type=\"widget\" data-widget_type=\"image-box.default\">\n\t\t\t\t<div class=\"elementor-widget-container\">\n\t\t\t<div class=\"elementor-image-box-wrapper\"><figure class=\"elementor-image-box-img\"><a href=\"\/uk\/explore\/\" tabindex=\"-1\"><img loading=\"lazy\" decoding=\"async\" width=\"255\" height=\"170\" src=\"https:\/\/exploremulhouse.fr\/wp-content\/uploads\/2024\/08\/Ukraine.webp\" class=\"attachment-full size-full wp-image-338\" alt=\"\" srcset=\"https:\/\/exploremulhouse.fr\/wp-content\/uploads\/2024\/08\/Ukraine.webp 255w, https:\/\/exploremulhouse.fr\/wp-content\/uploads\/2024\/08\/Ukraine-18x12.webp 18w\" sizes=\"(max-width: 255px) 100vw, 255px\" \/><\/a><\/figure><div class=\"elementor-image-box-content\"><h3 class=\"elementor-image-box-title\"><a href=\"\/uk\/explore\/\">\u0423\u043a\u0440\u0430\u0457\u043d\u0441\u044c\u043a\u0430<\/a><\/h3><\/div><\/div>\t\t<\/div>\n\t\t\t\t<\/div>\n\t\t\t\t<div class=\"elementor-element elementor-element-d802ef2 elementor-position-top elementor-widget elementor-widget-image-box\" data-id=\"d802ef2\" data-element_type=\"widget\" data-widget_type=\"image-box.default\">\n\t\t\t\t<div class=\"elementor-widget-container\">\n\t\t\t<div class=\"elementor-image-box-wrapper\"><figure class=\"elementor-image-box-img\"><a href=\"\/ar\/explore\/\" tabindex=\"-1\"><img loading=\"lazy\" decoding=\"async\" width=\"255\" height=\"170\" src=\"https:\/\/exploremulhouse.fr\/wp-content\/uploads\/2024\/08\/Arabic.webp\" class=\"attachment-full size-full wp-image-339\" alt=\"\" srcset=\"https:\/\/exploremulhouse.fr\/wp-content\/uploads\/2024\/08\/Arabic.webp 255w, https:\/\/exploremulhouse.fr\/wp-content\/uploads\/2024\/08\/Arabic-18x12.webp 18w\" sizes=\"(max-width: 255px) 100vw, 255px\" \/><\/a><\/figure><div class=\"elementor-image-box-content\"><h3 class=\"elementor-image-box-title\"><a href=\"\/ar\/explore\/\">\u0627\u0644\u0639\u0631\u0628\u064a\u0629<\/a><\/h3><\/div><\/div>\t\t<\/div>\n\t\t\t\t<\/div>\n\t\t\t\t<div class=\"elementor-element elementor-element-e771da1 elementor-position-top elementor-widget elementor-widget-image-box\" data-id=\"e771da1\" data-element_type=\"widget\" data-widget_type=\"image-box.default\">\n\t\t\t\t<div class=\"elementor-widget-container\">\n\t\t\t<div class=\"elementor-image-box-wrapper\"><figure class=\"elementor-image-box-img\"><a href=\"\/tr\/explore\/\" tabindex=\"-1\"><img loading=\"lazy\" decoding=\"async\" width=\"255\" height=\"170\" src=\"https:\/\/exploremulhouse.fr\/wp-content\/uploads\/2024\/08\/Turkey.webp\" class=\"attachment-full size-full wp-image-340\" alt=\"\" srcset=\"https:\/\/exploremulhouse.fr\/wp-content\/uploads\/2024\/08\/Turkey.webp 255w, https:\/\/exploremulhouse.fr\/wp-content\/uploads\/2024\/08\/Turkey-18x12.webp 18w\" sizes=\"(max-width: 255px) 100vw, 255px\" \/><\/a><\/figure><div class=\"elementor-image-box-content\"><h3 class=\"elementor-image-box-title\"><a href=\"\/tr\/explore\/\">T\u00fcrk\u00e7e<\/a><\/h3><\/div><\/div>\t\t<\/div>\n\t\t\t\t<\/div>\n\t\t\t\t<div class=\"elementor-element elementor-element-1d12f38 elementor-position-top elementor-widget elementor-widget-image-box\" data-id=\"1d12f38\" data-element_type=\"widget\" data-widget_type=\"image-box.default\">\n\t\t\t\t<div class=\"elementor-widget-container\">\n\t\t\t<div class=\"elementor-image-box-wrapper\"><figure class=\"elementor-image-box-img\"><a href=\"\/zh\/explore\/\" tabindex=\"-1\"><img loading=\"lazy\" decoding=\"async\" width=\"255\" height=\"170\" src=\"https:\/\/exploremulhouse.fr\/wp-content\/uploads\/2024\/08\/China.webp\" class=\"attachment-full size-full wp-image-341\" alt=\"\" srcset=\"https:\/\/exploremulhouse.fr\/wp-content\/uploads\/2024\/08\/China.webp 255w, https:\/\/exploremulhouse.fr\/wp-content\/uploads\/2024\/08\/China-18x12.webp 18w\" sizes=\"(max-width: 255px) 100vw, 255px\" \/><\/a><\/figure><div class=\"elementor-image-box-content\"><h3 class=\"elementor-image-box-title\"><a href=\"\/zh\/explore\/\">\u7b80\u4f53\u4e2d\u6587<\/a><\/h3><\/div><\/div>\t\t<\/div>\n\t\t\t\t<\/div>\n\t\t\t\t<\/div>\n\t\t<div class=\"elementor-element elementor-element-328294f e-grid e-con-full elementor-hidden-desktop elementor-hidden-tablet e-con e-child\" data-id=\"328294f\" data-element_type=\"container\">\n\t\t\t\t<div class=\"elementor-element elementor-element-cb60030 elementor-position-top elementor-widget elementor-widget-image-box\" data-id=\"cb60030\" data-element_type=\"widget\" data-widget_type=\"image-box.default\">\n\t\t\t\t<div class=\"elementor-widget-container\">\n\t\t\t<div class=\"elementor-image-box-wrapper\"><figure class=\"elementor-image-box-img\"><a href=\"\/ar\/explore\/\" tabindex=\"-1\"><img loading=\"lazy\" decoding=\"async\" width=\"255\" height=\"170\" src=\"https:\/\/exploremulhouse.fr\/wp-content\/uploads\/2024\/08\/Arabic.webp\" class=\"attachment-full size-full wp-image-339\" alt=\"\" srcset=\"https:\/\/exploremulhouse.fr\/wp-content\/uploads\/2024\/08\/Arabic.webp 255w, https:\/\/exploremulhouse.fr\/wp-content\/uploads\/2024\/08\/Arabic-18x12.webp 18w\" sizes=\"(max-width: 255px) 100vw, 255px\" \/><\/a><\/figure><div class=\"elementor-image-box-content\"><h3 class=\"elementor-image-box-title\"><a href=\"\/ar\/explore\/\">\u0627\u0644\u0639\u0631\u0628\u064a\u0629<\/a><\/h3><\/div><\/div>\t\t<\/div>\n\t\t\t\t<\/div>\n\t\t\t\t<div class=\"elementor-element elementor-element-172918f elementor-position-top elementor-widget elementor-widget-image-box\" data-id=\"172918f\" data-element_type=\"widget\" data-widget_type=\"image-box.default\">\n\t\t\t\t<div class=\"elementor-widget-container\">\n\t\t\t<div class=\"elementor-image-box-wrapper\"><figure class=\"elementor-image-box-img\"><a href=\"\/tr\/explore\/\" tabindex=\"-1\"><img loading=\"lazy\" decoding=\"async\" width=\"255\" height=\"170\" src=\"https:\/\/exploremulhouse.fr\/wp-content\/uploads\/2024\/08\/Turkey.webp\" class=\"attachment-full size-full wp-image-340\" alt=\"\" srcset=\"https:\/\/exploremulhouse.fr\/wp-content\/uploads\/2024\/08\/Turkey.webp 255w, https:\/\/exploremulhouse.fr\/wp-content\/uploads\/2024\/08\/Turkey-18x12.webp 18w\" sizes=\"(max-width: 255px) 100vw, 255px\" \/><\/a><\/figure><div class=\"elementor-image-box-content\"><h3 class=\"elementor-image-box-title\"><a href=\"\/tr\/explore\/\">T\u00fcrk\u00e7e<\/a><\/h3><\/div><\/div>\t\t<\/div>\n\t\t\t\t<\/div>\n\t\t\t\t<div class=\"elementor-element elementor-element-cced061 elementor-position-top elementor-widget elementor-widget-image-box\" data-id=\"cced061\" data-element_type=\"widget\" data-widget_type=\"image-box.default\">\n\t\t\t\t<div class=\"elementor-widget-container\">\n\t\t\t<div class=\"elementor-image-box-wrapper\"><figure class=\"elementor-image-box-img\"><a href=\"\/zh\/explore\/\" tabindex=\"-1\"><img loading=\"lazy\" decoding=\"async\" width=\"255\" height=\"170\" src=\"https:\/\/exploremulhouse.fr\/wp-content\/uploads\/2024\/08\/China.webp\" class=\"attachment-full size-full wp-image-341\" alt=\"\" srcset=\"https:\/\/exploremulhouse.fr\/wp-content\/uploads\/2024\/08\/China.webp 255w, https:\/\/exploremulhouse.fr\/wp-content\/uploads\/2024\/08\/China-18x12.webp 18w\" sizes=\"(max-width: 255px) 100vw, 255px\" \/><\/a><\/figure><div class=\"elementor-image-box-content\"><h3 class=\"elementor-image-box-title\"><a href=\"\/zh\/explore\/\">\u7b80\u4f53\u4e2d\u6587<\/a><\/h3><\/div><\/div>\t\t<\/div>\n\t\t\t\t<\/div>\n\t\t\t\t<\/div>\n\t\t\t\t<\/div>\n\t\t\t\t<\/div>\n\t\t\t\t<\/div>\n\t\t<div class=\"elementor-element elementor-element-9083719 e-flex e-con-boxed e-con e-parent\" data-id=\"9083719\" data-element_type=\"container\" data-settings=\"{&quot;background_background&quot;:&quot;classic&quot;}\">\n\t\t\t\t\t<div class=\"e-con-inner\">\n\t\t\t\t<div class=\"elementor-element elementor-element-c0984b5 elementor-widget elementor-widget-text-editor\" data-id=\"c0984b5\" data-element_type=\"widget\" data-widget_type=\"text-editor.default\">\n\t\t\t\t<div class=\"elementor-widget-container\">\n\t\t\t\t\t\t\t<p style=\"text-align: center;\"><strong>\u00a9 Photo par : Mehdi BOSWINGEL<br \/><\/strong><\/p>\t\t\t\t\t\t<\/div>\n\t\t\t\t<\/div>\n\t\t\t\t\t<\/div>\n\t\t\t\t<\/div>\n\t\t\t\t<\/div>","protected":false},"excerpt":{"rendered":"<p>Bienvenue \u00e0 Mulhouse, la perle de l&#8217;Alsace Plongez dans l&#8217;univers fascinant de Mulhouse, une ville o\u00f9 le charme alsacien rencontre l&#8217;innovation moderne. Ses mus\u00e9es renomm\u00e9s, ses jardins magnifiques et son patrimoine architectural impressionnant vous attendent pour un s\u00e9jour inoubliable. Laissez-vous surprendre par la richesse et la diversit\u00e9 de Mulhouse. Fran\u00e7ais English Deutsch Italiano Espa\u00f1ol \u0423\u043a\u0440\u0430\u0457\u043d\u0441\u044c\u043a\u0430 [&hellip;]<\/p>","protected":false},"author":1,"featured_media":0,"parent":0,"menu_order":0,"comment_status":"closed","ping_status":"closed","template":"elementor_canvas","meta":{"footnotes":""},"class_list":["post-307","page","type-page","status-publish","hentry"],"acf":[],"_links":{"self":[{"href":"https:\/\/exploremulhouse.fr\/it\/wp-json\/wp\/v2\/pages\/307","targetHints":{"allow":["GET"]}}],"collection":[{"href":"https:\/\/exploremulhouse.fr\/it\/wp-json\/wp\/v2\/pages"}],"about":[{"href":"https:\/\/exploremulhouse.fr\/it\/wp-json\/wp\/v2\/types\/page"}],"author":[{"embeddable":true,"href":"https:\/\/exploremulhouse.fr\/it\/wp-json\/wp\/v2\/users\/1"}],"replies":[{"embeddable":true,"href":"https:\/\/exploremulhouse.fr\/it\/wp-json\/wp\/v2\/comments?post=307"}],"version-history":[{"count":139,"href":"https:\/\/exploremulhouse.fr\/it\/wp-json\/wp\/v2\/pages\/307\/revisions"}],"predecessor-version":[{"id":789,"href":"https:\/\/exploremulhouse.fr\/it\/wp-json\/wp\/v2\/pages\/307\/revisions\/789"}],"wp:attachment":[{"href":"https:\/\/exploremulhouse.fr\/it\/wp-json\/wp\/v2\/media?parent=307"}],"curies":[{"name":"wp","href":"https:\/\/api.w.org\/{rel}","templated":true}]}}